{"id":293,"date":"2024-11-21T13:16:04","date_gmt":"2024-11-21T11:16:04","guid":{"rendered":"https:\/\/osnumisma.fi\/?page_id=293"},"modified":"2026-02-21T21:15:08","modified_gmt":"2026-02-21T19:15:08","slug":"frontpage-suomi","status":"publish","type":"page","link":"https:\/\/osnumisma.fi\/?page_id=293&lang=fi","title":{"rendered":"Etusivu"},"content":{"rendered":"\t\t<div data-elementor-type=\"wp-page\" data-elementor-id=\"293\" class=\"elementor elementor-293\">\n\t\t\t\t\t\t<section class=\"elementor-section elementor-top-section elementor-element elementor-element-75d99e5 elementor-section-boxed elementor-section-height-default elementor-section-height-default\" data-id=\"75d99e5\" data-element_type=\"section\" data-e-type=\"section\">\n\t\t\t\t\t\t<div class=\"elementor-container elementor-column-gap-default\">\n\t\t\t\t\t<div class=\"elementor-column elementor-col-100 elementor-top-column elementor-element elementor-element-f4934c9\" data-id=\"f4934c9\" data-element_type=\"column\" data-e-type=\"column\">\n\t\t\t<div class=\"elementor-widget-wrap elementor-element-populated\">\n\t\t\t\t\t\t<div class=\"elementor-element elementor-element-c834923 elementor-widget elementor-widget-heading\" data-id=\"c834923\" data-element_type=\"widget\" data-e-type=\"widget\" data-widget_type=\"heading.default\">\n\t\t\t\t<div class=\"elementor-widget-container\">\n\t\t\t\t\t<h2 class=\"elementor-heading-title elementor-size-default\"><br>\nOsnumisma, paikka tiedolle kolikoista, v\u00e4\u00e4renteist\u00e4, kolikoiden testaamisesta ja yleisesti numismatiikasta <\/h2>\t\t\t\t<\/div>\n\t\t\t\t<\/div>\n\t\t\t\t\t<\/div>\n\t\t<\/div>\n\t\t\t\t\t<\/div>\n\t\t<\/section>\n\t\t\t\t<section class=\"elementor-section elementor-top-section elementor-element elementor-element-5cef269 elementor-section-boxed elementor-section-height-default elementor-section-height-default\" data-id=\"5cef269\" data-element_type=\"section\" data-e-type=\"section\">\n\t\t\t\t\t\t<div class=\"elementor-container elementor-column-gap-default\">\n\t\t\t\t\t<div class=\"elementor-column elementor-col-100 elementor-top-column elementor-element elementor-element-f1bb201\" data-id=\"f1bb201\" data-element_type=\"column\" data-e-type=\"column\">\n\t\t\t<div class=\"elementor-widget-wrap elementor-element-populated\">\n\t\t\t\t\t\t<div class=\"elementor-element elementor-element-51439fc elementor-widget elementor-widget-text-editor\" data-id=\"51439fc\" data-element_type=\"widget\" data-e-type=\"widget\" data-widget_type=\"text-editor.default\">\n\t\t\t\t<div class=\"elementor-widget-container\">\n\t\t\t\t\t\t\t\t\t<ul><li><strong>Tiesitk\u00f6, ett\u00e4 kolikon kilautus\u00e4\u00e4nen perusteella voit mahdollisesti tunnistaa v\u00e4\u00e4r\u00e4n kolikon tai jopa m\u00e4\u00e4ritt\u00e4\u00e4 kolikkotyypin ja kolikon materiaalin? T\u00e4st\u00e4kin asiasta l\u00f6yd\u00e4t lis\u00e4tietoa n\u00e4ilt\u00e4 sivuilta.<\/strong><\/li><li><strong>Yleist\u00e4 osion alta l\u00f6yd\u00e4t my\u00f6s tietoa numismatiikkaharrastuksen verotuksesta. <\/strong><\/li><li><p><strong>Monilta osin sivusto on kuitenkin viel\u00e4 kesken ja valmistuu asteittain.<\/strong><\/p><\/li><\/ul>\t\t\t\t\t\t\t\t<\/div>\n\t\t\t\t<\/div>\n\t\t\t\t\t<\/div>\n\t\t<\/div>\n\t\t\t\t\t<\/div>\n\t\t<\/section>\n\t\t\t\t<section class=\"elementor-section elementor-top-section elementor-element elementor-element-aa8ee44 elementor-section-boxed elementor-section-height-default elementor-section-height-default\" data-id=\"aa8ee44\" data-element_type=\"section\" data-e-type=\"section\">\n\t\t\t\t\t\t<div class=\"elementor-container elementor-column-gap-default\">\n\t\t\t\t\t<div class=\"elementor-column elementor-col-100 elementor-top-column elementor-element elementor-element-0136f40\" data-id=\"0136f40\" data-element_type=\"column\" data-e-type=\"column\">\n\t\t\t<div class=\"elementor-widget-wrap elementor-element-populated\">\n\t\t\t\t\t\t<div class=\"elementor-element elementor-element-ed5bb4f elementor-widget elementor-widget-wp-widget-nav_menu\" data-id=\"ed5bb4f\" data-element_type=\"widget\" data-e-type=\"widget\" data-widget_type=\"wp-widget-nav_menu.default\">\n\t\t\t\t<div class=\"elementor-widget-container\">\n\t\t\t\t\t<h5>Sivuston suomenkielinen sis\u00e4lt\u00f6:<\/h5><nav class=\"menu-primary-menu-finnish-container\" aria-label=\"Sivuston suomenkielinen sis\u00e4lt\u00f6:\"><ul id=\"menu-primary-menu-finnish\" class=\"menu\"><li id=\"menu-item-379\" class=\"menu-item menu-item-type-post_type menu-item-object-page menu-item-379\"><a href=\"https:\/\/osnumisma.fi\/?page_id=293&#038;lang=fi\">Etusivu<\/a><\/li>\n<li id=\"menu-item-388\" class=\"menu-item menu-item-type-post_type menu-item-object-page menu-item-has-children menu-item-388\"><a href=\"https:\/\/osnumisma.fi\/?page_id=386&#038;lang=fi\">Yleist\u00e4<\/a>\n<ul class=\"sub-menu\">\n\t<li id=\"menu-item-701\" class=\"menu-item menu-item-type-post_type menu-item-object-page menu-item-701\"><a href=\"https:\/\/osnumisma.fi\/?page_id=698&#038;lang=fi\">Verotus<\/a><\/li>\n<\/ul>\n<\/li>\n<li id=\"menu-item-481\" class=\"menu-item menu-item-type-post_type menu-item-object-page menu-item-has-children menu-item-481\"><a href=\"https:\/\/osnumisma.fi\/?page_id=480&#038;lang=fi\">Kolikot<\/a>\n<ul class=\"sub-menu\">\n\t<li id=\"menu-item-566\" class=\"menu-item menu-item-type-custom menu-item-object-custom menu-item-has-children menu-item-566\"><a href=\"#\">Suomi<\/a>\n\t<ul class=\"sub-menu\">\n\t\t<li id=\"menu-item-488\" class=\"menu-item menu-item-type-post_type menu-item-object-page menu-item-488\"><a href=\"https:\/\/osnumisma.fi\/?page_id=486&#038;lang=fi\">Suomi 1 penni<\/a><\/li>\n\t\t<li id=\"menu-item-560\" class=\"menu-item menu-item-type-post_type menu-item-object-page menu-item-560\"><a href=\"https:\/\/osnumisma.fi\/?page_id=559&#038;lang=fi\">Suomi 5 penni\u00e4<\/a><\/li>\n\t<\/ul>\n<\/li>\n\t<li id=\"menu-item-489\" class=\"menu-item menu-item-type-post_type menu-item-object-page menu-item-489\"><a href=\"https:\/\/osnumisma.fi\/?page_id=484&#038;lang=fi\">Kiina<\/a><\/li>\n\t<li id=\"menu-item-780\" class=\"menu-item menu-item-type-post_type menu-item-object-page menu-item-780\"><a href=\"https:\/\/osnumisma.fi\/?page_id=774&#038;lang=fi\">Intia<\/a><\/li>\n<\/ul>\n<\/li>\n<li id=\"menu-item-491\" class=\"menu-item menu-item-type-post_type menu-item-object-page menu-item-491\"><a href=\"https:\/\/osnumisma.fi\/?page_id=490&#038;lang=fi\">V\u00e4\u00e4renn\u00f6kset<\/a><\/li>\n<li id=\"menu-item-497\" class=\"menu-item menu-item-type-post_type menu-item-object-page menu-item-has-children menu-item-497\"><a href=\"https:\/\/osnumisma.fi\/?page_id=496&#038;lang=fi\">Testit<\/a>\n<ul class=\"sub-menu\">\n\t<li id=\"menu-item-831\" class=\"menu-item menu-item-type-post_type menu-item-object-page menu-item-831\"><a href=\"https:\/\/osnumisma.fi\/?page_id=828&#038;lang=fi\">Suomi 5 markkaa 1946<\/a><\/li>\n<\/ul>\n<\/li>\n<li id=\"menu-item-494\" class=\"menu-item menu-item-type-post_type menu-item-object-page menu-item-494\"><a href=\"https:\/\/osnumisma.fi\/?page_id=493&#038;lang=fi\">Uutiset ja postit<\/a><\/li>\n<li id=\"menu-item-438\" class=\"menu-item menu-item-type-post_type menu-item-object-page menu-item-438\"><a href=\"https:\/\/osnumisma.fi\/?page_id=437&#038;lang=fi\">Ota yhteytt\u00e4<\/a><\/li>\n<li id=\"menu-item-294\" class=\"menu-item menu-item-type-custom menu-item-object-custom menu-item-294\"><a href=\"#pll_switcher\">Languages<\/a><\/li>\n<\/ul><\/nav>\t\t\t\t<\/div>\n\t\t\t\t<\/div>\n\t\t\t\t\t<\/div>\n\t\t<\/div>\n\t\t\t\t\t<\/div>\n\t\t<\/section>\n\t\t\t\t<\/div>\n\t\t","protected":false},"excerpt":{"rendered":"<p>Osnumisma, paikka tiedolle kolikoista, v\u00e4\u00e4renteist\u00e4, kolikoiden testaamisesta ja yleisesti numismatiikasta Tiesitk\u00f6, ett\u00e4 kolikon kilautus\u00e4\u00e4nen perusteella voit mahdollisesti tunnistaa v\u00e4\u00e4r\u00e4n kolikon tai jopa m\u00e4\u00e4ritt\u00e4\u00e4 kolikkotyypin ja kolikon materiaalin? T\u00e4st\u00e4kin asiasta l\u00f6yd\u00e4t lis\u00e4tietoa n\u00e4ilt\u00e4 sivuilta. Yleist\u00e4 osion alta l\u00f6yd\u00e4t my\u00f6s tietoa numismatiikkaharrastuksen verotuksesta. Monilta osin sivusto on kuitenkin viel\u00e4 kesken ja valmistuu asteittain.<\/p>\n","protected":false},"author":1,"featured_media":0,"parent":0,"menu_order":0,"comment_status":"closed","ping_status":"closed","template":"","meta":{"footnotes":""},"class_list":["post-293","page","type-page","status-publish","hentry"],"_links":{"self":[{"href":"https:\/\/osnumisma.fi\/index.php?rest_route=\/wp\/v2\/pages\/293","targetHints":{"allow":["GET"]}}],"collection":[{"href":"https:\/\/osnumisma.fi\/index.php?rest_route=\/wp\/v2\/pages"}],"about":[{"href":"https:\/\/osnumisma.fi\/index.php?rest_route=\/wp\/v2\/types\/page"}],"author":[{"embeddable":true,"href":"https:\/\/osnumisma.fi\/index.php?rest_route=\/wp\/v2\/users\/1"}],"replies":[{"embeddable":true,"href":"https:\/\/osnumisma.fi\/index.php?rest_route=%2Fwp%2Fv2%2Fcomments&post=293"}],"version-history":[{"count":50,"href":"https:\/\/osnumisma.fi\/index.php?rest_route=\/wp\/v2\/pages\/293\/revisions"}],"predecessor-version":[{"id":794,"href":"https:\/\/osnumisma.fi\/index.php?rest_route=\/wp\/v2\/pages\/293\/revisions\/794"}],"wp:attachment":[{"href":"https:\/\/osnumisma.fi\/index.php?rest_route=%2Fwp%2Fv2%2Fmedia&parent=293"}],"curies":[{"name":"wp","href":"https:\/\/api.w.org\/{rel}","templated":true}]}}