{"id":490,"date":"2025-11-02T20:58:30","date_gmt":"2025-11-02T18:58:30","guid":{"rendered":"https:\/\/osnumisma.fi\/?page_id=490"},"modified":"2025-11-02T20:58:32","modified_gmt":"2025-11-02T18:58:32","slug":"vaarennokset","status":"publish","type":"page","link":"https:\/\/osnumisma.fi\/?page_id=490&lang=fi","title":{"rendered":"V\u00e4\u00e4renn\u00f6kset"},"content":{"rendered":"","protected":false},"excerpt":{"rendered":"","protected":false},"author":1,"featured_media":0,"parent":0,"menu_order":0,"comment_status":"closed","ping_status":"closed","template":"","meta":{"footnotes":""},"class_list":["post-490","page","type-page","status-publish","hentry"],"_links":{"self":[{"href":"https:\/\/osnumisma.fi\/index.php?rest_route=\/wp\/v2\/pages\/490","targetHints":{"allow":["GET"]}}],"collection":[{"href":"https:\/\/osnumisma.fi\/index.php?rest_route=\/wp\/v2\/pages"}],"about":[{"href":"https:\/\/osnumisma.fi\/index.php?rest_route=\/wp\/v2\/types\/page"}],"author":[{"embeddable":true,"href":"https:\/\/osnumisma.fi\/index.php?rest_route=\/wp\/v2\/users\/1"}],"replies":[{"embeddable":true,"href":"https:\/\/osnumisma.fi\/index.php?rest_route=%2Fwp%2Fv2%2Fcomments&post=490"}],"version-history":[{"count":1,"href":"https:\/\/osnumisma.fi\/index.php?rest_route=\/wp\/v2\/pages\/490\/revisions"}],"predecessor-version":[{"id":492,"href":"https:\/\/osnumisma.fi\/index.php?rest_route=\/wp\/v2\/pages\/490\/revisions\/492"}],"wp:attachment":[{"href":"https:\/\/osnumisma.fi\/index.php?rest_route=%2Fwp%2Fv2%2Fmedia&parent=490"}],"curies":[{"name":"wp","href":"https:\/\/api.w.org\/{rel}","templated":true}]}}