{"id":496,"date":"2025-11-02T21:00:20","date_gmt":"2025-11-02T19:00:20","guid":{"rendered":"https:\/\/osnumisma.fi\/?page_id=496"},"modified":"2026-02-23T19:54:27","modified_gmt":"2026-02-23T17:54:27","slug":"testit","status":"publish","type":"page","link":"https:\/\/osnumisma.fi\/?page_id=496&lang=fi","title":{"rendered":"Testit"},"content":{"rendered":"\t\t<div data-elementor-type=\"wp-page\" data-elementor-id=\"496\" class=\"elementor elementor-496\">\n\t\t\t\t\t\t<section class=\"elementor-section elementor-top-section elementor-element elementor-element-734d43d elementor-section-boxed elementor-section-height-default elementor-section-height-default\" data-id=\"734d43d\" data-element_type=\"section\" data-e-type=\"section\">\n\t\t\t\t\t\t<div class=\"elementor-container elementor-column-gap-default\">\n\t\t\t\t\t<div class=\"elementor-column elementor-col-100 elementor-top-column elementor-element elementor-element-6953e34\" data-id=\"6953e34\" data-element_type=\"column\" data-e-type=\"column\">\n\t\t\t<div class=\"elementor-widget-wrap elementor-element-populated\">\n\t\t\t\t\t\t<div class=\"elementor-element elementor-element-4fe7719 elementor-widget elementor-widget-heading\" data-id=\"4fe7719\" data-element_type=\"widget\" data-e-type=\"widget\" data-widget_type=\"heading.default\">\n\t\t\t\t<div class=\"elementor-widget-container\">\n\t\t\t\t\t<h2 class=\"elementor-heading-title elementor-size-default\">Erilaisia testausmenetelmi\u00e4 kolikoiden materiaalin ja aitouden todentamiseksi<\/h2>\t\t\t\t<\/div>\n\t\t\t\t<\/div>\n\t\t\t\t\t<\/div>\n\t\t<\/div>\n\t\t\t\t\t<\/div>\n\t\t<\/section>\n\t\t\t\t<section class=\"elementor-section elementor-top-section elementor-element elementor-element-d551599 elementor-section-boxed elementor-section-height-default elementor-section-height-default\" data-id=\"d551599\" data-element_type=\"section\" data-e-type=\"section\">\n\t\t\t\t\t\t<div class=\"elementor-container elementor-column-gap-default\">\n\t\t\t\t\t<div class=\"elementor-column elementor-col-100 elementor-top-column elementor-element elementor-element-9db923f\" data-id=\"9db923f\" data-element_type=\"column\" data-e-type=\"column\">\n\t\t\t<div class=\"elementor-widget-wrap elementor-element-populated\">\n\t\t\t\t\t\t<div class=\"elementor-element elementor-element-81812d5 elementor-widget elementor-widget-text-editor\" data-id=\"81812d5\" data-element_type=\"widget\" data-e-type=\"widget\" data-widget_type=\"text-editor.default\">\n\t\t\t\t<div class=\"elementor-widget-container\">\n\t\t\t\t\t\t\t\t\t<p><strong>XRF-analysaattori<\/strong> (r\u00f6ntgenfluoresenssianalysaattori) on tehokas ty\u00f6kalu materiaalien alkuainekoostumuksen m\u00e4\u00e4ritt\u00e4miseen. Laite hy\u00f6dynt\u00e4\u00e4 r\u00f6ntgens\u00e4teit\u00e4, joiden avulla se tunnistaa n\u00e4ytteen sis\u00e4lt\u00e4m\u00e4t alkuaineet nopeasti, tarkasti ja ilman n\u00e4ytteen tuhoamista. N\u00e4m\u00e4 laitteett ovat kuitenkin melko kalliita ja siksi niit\u00e4 onkin hyvin rajoitetusti Suomen numismaatikkopiiriss\u00e4 k\u00e4yt\u00f6ss\u00e4. Lis\u00e4ksi pit\u00e4\u00e4 muistaa, ett\u00e4 n\u00e4m\u00e4kin laitteet m\u00e4\u00e4ritt\u00e4v\u00e4t vain mitattavan kohteen koostumuksen, <strong>ei sen aitoutta!<\/strong><\/p>\t\t\t\t\t\t\t\t<\/div>\n\t\t\t\t<\/div>\n\t\t\t\t\t<\/div>\n\t\t<\/div>\n\t\t\t\t\t<\/div>\n\t\t<\/section>\n\t\t\t\t<section class=\"elementor-section elementor-top-section elementor-element elementor-element-4e43211 elementor-section-boxed elementor-section-height-default elementor-section-height-default\" data-id=\"4e43211\" data-element_type=\"section\" data-e-type=\"section\">\n\t\t\t\t\t\t<div class=\"elementor-container elementor-column-gap-default\">\n\t\t\t\t\t<div class=\"elementor-column elementor-col-100 elementor-top-column elementor-element elementor-element-268ff77\" data-id=\"268ff77\" data-element_type=\"column\" data-e-type=\"column\">\n\t\t\t<div class=\"elementor-widget-wrap elementor-element-populated\">\n\t\t\t\t\t\t<div class=\"elementor-element elementor-element-644f92b elementor-widget elementor-widget-text-editor\" data-id=\"644f92b\" data-element_type=\"widget\" data-e-type=\"widget\" data-widget_type=\"text-editor.default\">\n\t\t\t\t<div class=\"elementor-widget-container\">\n\t\t\t\t\t\t\t\t\t<p>Mit\u00e4 yksinkertaisia ja edullisia keinoja sitten on olemassa kolikon aitouden varmentamiseksi?<\/p><p>Aloitetaanpa hopeakolikoista. Ensiksi kannattaa testata, onko kolikko oikean painoinen. K\u00e4yt\u00e4 t\u00e4h\u00e4n tarkoitukseen riitt\u00e4v\u00e4n tarkkaa vaakaa, mielell\u00e4\u00e4n tarkkuus 0,1 grammaa tai parempi. Tarkista my\u00f6s, ett\u00e4 kolikon halkaisija ja paksuus ovat oikeat tai ainakin riitt\u00e4v\u00e4n l\u00e4hell\u00e4 ns. virallista tietoa. Yksiselitteist\u00e4 virhemarginaalia on hyvin vaikea antaa, mutta mit\u00e4 uudempi kolikko on sit\u00e4 paremmin sen mittojen tulisi vastata virallista tietoa. Yleens\u00e4 virhemarginaali ei saisi olla 2-3 % suurempi.<\/p><p>Mit\u00e4 muita testej\u00e4 voin itse tehd\u00e4?\u00a0<\/p><p><strong>Magneettitesti<\/strong> on yksi helpoimmista testeist\u00e4. Hopea on ei-magneettinen materiaali. Mik\u00e4li kolikko tarttuu magneettiin, on se todenn\u00e4k\u00f6isesti v\u00e4\u00e4renn\u00f6s. Yleisimmin v\u00e4\u00e4renn\u00f6ksiss\u00e4 k\u00e4ytet\u00e4\u00e4n rautaa tai ter\u00e4st\u00e4, jotka ovat magneettisia materiaaleja, mutta toisinaan voidaan my\u00f6s k\u00e4ytt\u00e4\u00e4 kuparia tai lyijy\u00e4 tai muita ei-magneettisia materiaaleja.<\/p><p><br \/><strong>J\u00e4\u00e4kuutiotesti<\/strong> on my\u00f6s halpa ja helpohko kotona teht\u00e4v\u00e4 testi. Siihen tarvitaan vain kolikko ja pala j\u00e4\u00e4t\u00e4, eik\u00e4 tarvitse tehd\u00e4 muuta kuin laittaa j\u00e4\u00e4kuutio kolikon p\u00e4\u00e4lle ja katsoa. J\u00e4\u00e4kuution pit\u00e4isi sulaa hyvin nopeasti, koska hopealla on kaikista nopein l\u00e4mm\u00f6njohtamiskyky. Sulamisnopeutta voit verrata laittamalla j\u00e4\u00e4kuution esimerkiksi paistinpannuun. Mik\u00e4li pid\u00e4t kolikkoa sormien v\u00e4liss\u00e4 voit tuntea, miten nopeasti l\u00e4mp\u00f6 siirtyy j\u00e4\u00e4kuutiosta kolikkoon, mik\u00e4li kyseess\u00e4 on aito hopeakolikko.<\/p><p><br \/><strong>\u00c4\u00e4nitestin<\/strong> voit my\u00f6s tehd\u00e4 helposti. Hopeakolikko \u201dsoi\u201d hienolla korkealla \u00e4\u00e4nell\u00e4 pitk\u00e4\u00e4n, kun sit\u00e4 kopauttaa toisella metallilla. Laita kolikko sormen k\u00e4rjen p\u00e4\u00e4lle, ota toinen kolikko toiseen k\u00e4teen etusormen ja peukalon v\u00e4liin ja kopauta sill\u00e4 sormen p\u00e4\u00e4ll\u00e4 olevaa kolikkoa. Sinun pit\u00e4isi kuulla \u201dkime\u00e4\u201d \u00e4\u00e4ninen sointi. T\u00e4m\u00e4 johtuu siit\u00e4, ett\u00e4 hopea \u201dsoi\u201d noin 6.145 Hz:n taajuudella. Saman testin voit tehd\u00e4 sitenkin, ett\u00e4 pudotat kolikon noin 15 sentin korkeudelta tasaiselle pinnalle. Testaa sama esimerkiksi kuparikolikolla, jolloin saat k\u00e4sityksen \u00e4\u00e4nien eroavaisuuksista.<\/p><p><br \/><strong>KAIKISTA LUOTETTAVIN<\/strong> tapa kolikon materiaalin selvitt\u00e4miseksi (pois lukien XRF- ja vastaavat testit) on tehd\u00e4 \u00e4\u00e4nitesti mittaamalla <strong>kolikon v\u00e4r\u00e4htelytaajuudet<\/strong>. Android-puhelimiin (ja ehk\u00e4 iPhone-puhelimiinkin) on mahdollista ladata oma sovellus, jolla t\u00e4m\u00e4n testin pystyy tekem\u00e4\u00e4n. Sovelluksella on jopa mahdollista m\u00e4\u00e4ritt\u00e4\u00e4 kolikon materiaali, koska jokaisella materiaalilla on oma v\u00e4r\u00e4htelytaajuutensa.<\/p><p>Internetist\u00e4 voit k\u00e4yd\u00e4 alla olevalta sivulta katsomassa edell\u00e4 mainitut testit sek\u00e4 muutaman vaativammankin testin (englanninkielinen sivu). http:\/\/www.silvercoins.com\/fake-silver-coins-14-ways-to-spot-counterfeits\/<\/p>\t\t\t\t\t\t\t\t<\/div>\n\t\t\t\t<\/div>\n\t\t\t\t\t<\/div>\n\t\t<\/div>\n\t\t\t\t\t<\/div>\n\t\t<\/section>\n\t\t\t\t<\/div>\n\t\t","protected":false},"excerpt":{"rendered":"<p>Erilaisia testausmenetelmi\u00e4 kolikoiden materiaalin ja aitouden todentamiseksi XRF-analysaattori (r\u00f6ntgenfluoresenssianalysaattori) on tehokas ty\u00f6kalu materiaalien alkuainekoostumuksen m\u00e4\u00e4ritt\u00e4miseen. Laite hy\u00f6dynt\u00e4\u00e4 r\u00f6ntgens\u00e4teit\u00e4, joiden avulla se tunnistaa n\u00e4ytteen sis\u00e4lt\u00e4m\u00e4t alkuaineet nopeasti, tarkasti ja ilman n\u00e4ytteen tuhoamista. N\u00e4m\u00e4 laitteett ovat kuitenkin melko kalliita ja siksi niit\u00e4 onkin hyvin rajoitetusti Suomen numismaatikkopiiriss\u00e4 k\u00e4yt\u00f6ss\u00e4. Lis\u00e4ksi pit\u00e4\u00e4 muistaa, ett\u00e4 n\u00e4m\u00e4kin laitteet m\u00e4\u00e4ritt\u00e4v\u00e4t vain mitattavan [&hellip;]<\/p>\n","protected":false},"author":1,"featured_media":0,"parent":0,"menu_order":0,"comment_status":"closed","ping_status":"closed","template":"","meta":{"footnotes":""},"class_list":["post-496","page","type-page","status-publish","hentry"],"_links":{"self":[{"href":"https:\/\/osnumisma.fi\/index.php?rest_route=\/wp\/v2\/pages\/496","targetHints":{"allow":["GET"]}}],"collection":[{"href":"https:\/\/osnumisma.fi\/index.php?rest_route=\/wp\/v2\/pages"}],"about":[{"href":"https:\/\/osnumisma.fi\/index.php?rest_route=\/wp\/v2\/types\/page"}],"author":[{"embeddable":true,"href":"https:\/\/osnumisma.fi\/index.php?rest_route=\/wp\/v2\/users\/1"}],"replies":[{"embeddable":true,"href":"https:\/\/osnumisma.fi\/index.php?rest_route=%2Fwp%2Fv2%2Fcomments&post=496"}],"version-history":[{"count":13,"href":"https:\/\/osnumisma.fi\/index.php?rest_route=\/wp\/v2\/pages\/496\/revisions"}],"predecessor-version":[{"id":827,"href":"https:\/\/osnumisma.fi\/index.php?rest_route=\/wp\/v2\/pages\/496\/revisions\/827"}],"wp:attachment":[{"href":"https:\/\/osnumisma.fi\/index.php?rest_route=%2Fwp%2Fv2%2Fmedia&parent=496"}],"curies":[{"name":"wp","href":"https:\/\/api.w.org\/{rel}","templated":true}]}}