{"id":774,"date":"2026-02-21T20:46:24","date_gmt":"2026-02-21T18:46:24","guid":{"rendered":"https:\/\/osnumisma.fi\/?page_id=774"},"modified":"2026-02-23T20:12:23","modified_gmt":"2026-02-23T18:12:23","slug":"intia","status":"publish","type":"page","link":"https:\/\/osnumisma.fi\/?page_id=774&lang=fi","title":{"rendered":"Intia"},"content":{"rendered":"\t\t<div data-elementor-type=\"wp-page\" data-elementor-id=\"774\" class=\"elementor elementor-774\">\n\t\t\t\t\t\t<section class=\"elementor-section elementor-top-section elementor-element elementor-element-2f7fddf elementor-section-boxed elementor-section-height-default elementor-section-height-default\" data-id=\"2f7fddf\" data-element_type=\"section\" data-e-type=\"section\">\n\t\t\t\t\t\t<div class=\"elementor-container elementor-column-gap-default\">\n\t\t\t\t\t<div class=\"elementor-column elementor-col-100 elementor-top-column elementor-element elementor-element-9431476\" data-id=\"9431476\" data-element_type=\"column\" data-e-type=\"column\">\n\t\t\t<div class=\"elementor-widget-wrap elementor-element-populated\">\n\t\t\t\t\t\t<div class=\"elementor-element elementor-element-c963336 elementor-widget elementor-widget-heading\" data-id=\"c963336\" data-element_type=\"widget\" data-e-type=\"widget\" data-widget_type=\"heading.default\">\n\t\t\t\t<div class=\"elementor-widget-container\">\n\t\t\t\t\t<h2 class=\"elementor-heading-title elementor-size-default\">Intian kolikoita eri aikakausilta<\/h2>\t\t\t\t<\/div>\n\t\t\t\t<\/div>\n\t\t\t\t\t<\/div>\n\t\t<\/div>\n\t\t\t\t\t<\/div>\n\t\t<\/section>\n\t\t\t\t<section class=\"elementor-section elementor-top-section elementor-element elementor-element-1e63f06 elementor-section-boxed elementor-section-height-default elementor-section-height-default\" data-id=\"1e63f06\" data-element_type=\"section\" data-e-type=\"section\">\n\t\t\t\t\t\t<div class=\"elementor-container elementor-column-gap-default\">\n\t\t\t\t\t<div class=\"elementor-column elementor-col-100 elementor-top-column elementor-element elementor-element-71bbb25\" data-id=\"71bbb25\" data-element_type=\"column\" data-e-type=\"column\">\n\t\t\t<div class=\"elementor-widget-wrap elementor-element-populated\">\n\t\t\t\t\t\t<div class=\"elementor-element elementor-element-613e32f elementor-widget elementor-widget-text-editor\" data-id=\"613e32f\" data-element_type=\"widget\" data-e-type=\"widget\" data-widget_type=\"text-editor.default\">\n\t\t\t\t<div class=\"elementor-widget-container\">\n\t\t\t\t\t\t\t\t\t<p><strong>Intian kolikoiden historiaa:<\/strong><\/p><p>Kotiloita k\u00e4ytettiin vaihdannan v\u00e4linein\u00e4 ennen varsinaisen rahan k\u00e4ytt\u00f6\u00f6nottoa. Noin vuonna 600 eKr aloitettiin kolikoiden valmistus, tosin viitteit\u00e4 on siit\u00e4kin, ett\u00e4 rahan ly\u00f6nti olisi aloitettu viel\u00e4kin aikaisemmin. Ensimm\u00e4iset Intian kolikot olivat todenn\u00e4k\u00f6isesti leimattuja hopeisia Karshapana-kolikoita, mutta my\u00f6s leimattuja metallitankoja oli k\u00e4yt\u00f6ss\u00e4. Hopean lis\u00e4ksi k\u00e4yt\u00f6ss\u00e4 oli my\u00f6s kuparista valmistettuja kolikoita.<\/p><p><br \/>Koska Intia muodostui useasta dynastiasta ja kuningaskunnasta, jotka jokainen valmistivat omia kolikoita, eri kolikkotyyppej\u00e4 oli jo tuolloin huomattava m\u00e4\u00e4r\u00e4. Viel\u00e4 lis\u00e4mausteen kolikkotyyppien m\u00e4\u00e4r\u00e4\u00e4n toi ensimm\u00e4isell\u00e4 vuosisadalla ennen ajanlaskun alkua l\u00e4hinn\u00e4 nykyist\u00e4 Pakistania hallinneen Javana-kuningaskunnan (Sis\u00e4-Kreikan kuningaskunta) k\u00e4ytt\u00e4m\u00e4t kreikkalaistyyliset kolikot sek\u00e4 Rooman kaupank\u00e4ynti Intian kanssa.<\/p>\t\t\t\t\t\t\t\t<\/div>\n\t\t\t\t<\/div>\n\t\t\t\t\t<\/div>\n\t\t<\/div>\n\t\t\t\t\t<\/div>\n\t\t<\/section>\n\t\t\t\t<section class=\"elementor-section elementor-top-section elementor-element elementor-element-d88a708 elementor-section-boxed elementor-section-height-default elementor-section-height-default\" data-id=\"d88a708\" data-element_type=\"section\" data-e-type=\"section\">\n\t\t\t\t\t\t<div class=\"elementor-container elementor-column-gap-default\">\n\t\t\t\t\t<div class=\"elementor-column elementor-col-25 elementor-top-column elementor-element elementor-element-4e4d9bf\" data-id=\"4e4d9bf\" data-element_type=\"column\" data-e-type=\"column\">\n\t\t\t<div class=\"elementor-widget-wrap elementor-element-populated\">\n\t\t\t\t\t\t<div class=\"elementor-element elementor-element-e8378d1 elementor-widget elementor-widget-image\" data-id=\"e8378d1\" data-element_type=\"widget\" data-e-type=\"widget\" data-widget_type=\"image.default\">\n\t\t\t\t<div class=\"elementor-widget-container\">\n\t\t\t\t\t\t\t\t\t\t\t\t\t\t\t<img fetchpriority=\"high\" decoding=\"async\" width=\"300\" height=\"292\" src=\"https:\/\/osnumisma.fi\/wp-content\/uploads\/2026\/02\/India-Pre-Mauryan-period-600-321BC-half-Karshapana-8596-O-web-300x292.jpg\" class=\"attachment-medium size-medium wp-image-804\" alt=\"\" srcset=\"https:\/\/osnumisma.fi\/wp-content\/uploads\/2026\/02\/India-Pre-Mauryan-period-600-321BC-half-Karshapana-8596-O-web-300x292.jpg 300w, https:\/\/osnumisma.fi\/wp-content\/uploads\/2026\/02\/India-Pre-Mauryan-period-600-321BC-half-Karshapana-8596-O-web.jpg 400w\" sizes=\"(max-width: 300px) 100vw, 300px\" \/>\t\t\t\t\t\t\t\t\t\t\t\t\t\t\t<\/div>\n\t\t\t\t<\/div>\n\t\t\t\t\t<\/div>\n\t\t<\/div>\n\t\t\t\t<div class=\"elementor-column elementor-col-25 elementor-top-column elementor-element elementor-element-15e38a4\" data-id=\"15e38a4\" data-element_type=\"column\" data-e-type=\"column\">\n\t\t\t<div class=\"elementor-widget-wrap elementor-element-populated\">\n\t\t\t\t\t\t<div class=\"elementor-element elementor-element-3b7eedb elementor-widget elementor-widget-image\" data-id=\"3b7eedb\" data-element_type=\"widget\" data-e-type=\"widget\" data-widget_type=\"image.default\">\n\t\t\t\t<div class=\"elementor-widget-container\">\n\t\t\t\t\t\t\t\t\t\t\t\t\t\t\t<img decoding=\"async\" width=\"300\" height=\"170\" src=\"https:\/\/osnumisma.fi\/wp-content\/uploads\/2026\/02\/India-Pre-Mauryan-period-600-321BC-half-Karshapana-8592-O-web-300x170.jpg\" class=\"attachment-medium size-medium wp-image-803\" alt=\"\" srcset=\"https:\/\/osnumisma.fi\/wp-content\/uploads\/2026\/02\/India-Pre-Mauryan-period-600-321BC-half-Karshapana-8592-O-web-300x170.jpg 300w, https:\/\/osnumisma.fi\/wp-content\/uploads\/2026\/02\/India-Pre-Mauryan-period-600-321BC-half-Karshapana-8592-O-web.jpg 400w\" sizes=\"(max-width: 300px) 100vw, 300px\" \/>\t\t\t\t\t\t\t\t\t\t\t\t\t\t\t<\/div>\n\t\t\t\t<\/div>\n\t\t\t\t\t<\/div>\n\t\t<\/div>\n\t\t\t\t<div class=\"elementor-column elementor-col-25 elementor-top-column elementor-element elementor-element-cc46f2a\" data-id=\"cc46f2a\" data-element_type=\"column\" data-e-type=\"column\">\n\t\t\t<div class=\"elementor-widget-wrap elementor-element-populated\">\n\t\t\t\t\t\t<div class=\"elementor-element elementor-element-da82f93 elementor-widget elementor-widget-image\" data-id=\"da82f93\" data-element_type=\"widget\" data-e-type=\"widget\" data-widget_type=\"image.default\">\n\t\t\t\t<div class=\"elementor-widget-container\">\n\t\t\t\t\t\t\t\t\t\t\t\t\t\t\t<img decoding=\"async\" width=\"300\" height=\"222\" src=\"https:\/\/osnumisma.fi\/wp-content\/uploads\/2026\/02\/India-Pre-Mauryan-period-350-300BC-1-Karshapana-8598-O-web-300x222.jpg\" class=\"attachment-medium size-medium wp-image-802\" alt=\"\" srcset=\"https:\/\/osnumisma.fi\/wp-content\/uploads\/2026\/02\/India-Pre-Mauryan-period-350-300BC-1-Karshapana-8598-O-web-300x222.jpg 300w, https:\/\/osnumisma.fi\/wp-content\/uploads\/2026\/02\/India-Pre-Mauryan-period-350-300BC-1-Karshapana-8598-O-web.jpg 500w\" sizes=\"(max-width: 300px) 100vw, 300px\" \/>\t\t\t\t\t\t\t\t\t\t\t\t\t\t\t<\/div>\n\t\t\t\t<\/div>\n\t\t\t\t\t<\/div>\n\t\t<\/div>\n\t\t\t\t<div class=\"elementor-column elementor-col-25 elementor-top-column elementor-element elementor-element-28ebbc6\" data-id=\"28ebbc6\" data-element_type=\"column\" data-e-type=\"column\">\n\t\t\t<div class=\"elementor-widget-wrap elementor-element-populated\">\n\t\t\t\t\t\t<div class=\"elementor-element elementor-element-884bfc3 elementor-widget elementor-widget-image\" data-id=\"884bfc3\" data-element_type=\"widget\" data-e-type=\"widget\" data-widget_type=\"image.default\">\n\t\t\t\t<div class=\"elementor-widget-container\">\n\t\t\t\t\t\t\t\t\t\t\t\t\t\t\t<img loading=\"lazy\" decoding=\"async\" width=\"300\" height=\"126\" src=\"https:\/\/osnumisma.fi\/wp-content\/uploads\/2026\/02\/India-Gandhara-Kingdom-Satamana-450-BC-10407-O-web-300x126.jpg\" class=\"attachment-medium size-medium wp-image-801\" alt=\"\" srcset=\"https:\/\/osnumisma.fi\/wp-content\/uploads\/2026\/02\/India-Gandhara-Kingdom-Satamana-450-BC-10407-O-web-300x126.jpg 300w, https:\/\/osnumisma.fi\/wp-content\/uploads\/2026\/02\/India-Gandhara-Kingdom-Satamana-450-BC-10407-O-web.jpg 500w\" sizes=\"(max-width: 300px) 100vw, 300px\" \/>\t\t\t\t\t\t\t\t\t\t\t\t\t\t\t<\/div>\n\t\t\t\t<\/div>\n\t\t\t\t\t<\/div>\n\t\t<\/div>\n\t\t\t\t\t<\/div>\n\t\t<\/section>\n\t\t\t\t<section class=\"elementor-section elementor-top-section elementor-element elementor-element-610cab6 elementor-section-boxed elementor-section-height-default elementor-section-height-default\" data-id=\"610cab6\" data-element_type=\"section\" data-e-type=\"section\">\n\t\t\t\t\t\t<div class=\"elementor-container elementor-column-gap-default\">\n\t\t\t\t\t<div class=\"elementor-column elementor-col-100 elementor-top-column elementor-element elementor-element-32d46e9\" data-id=\"32d46e9\" data-element_type=\"column\" data-e-type=\"column\">\n\t\t\t<div class=\"elementor-widget-wrap elementor-element-populated\">\n\t\t\t\t\t\t<div class=\"elementor-element elementor-element-09be6d9 elementor-widget elementor-widget-text-editor\" data-id=\"09be6d9\" data-element_type=\"widget\" data-e-type=\"widget\" data-widget_type=\"text-editor.default\">\n\t\t\t\t<div class=\"elementor-widget-container\">\n\t\t\t\t\t\t\t\t\t<p>Yll\u00e4 vasemmalla on kaksi Surasena kuningaskunnan puolen Karshapanan kolikkoa ajalta 600-321 eKr. Toinen oikealta on Magadha kuningaskunnan 1 Karshapanan kolikko ajalta 350-300 eKr. \u00c4\u00e4rimm\u00e4isen\u00e4 oikealla on Kandhara kuningaskunnan Karshapana tanko ajalta 450-400 eKr. Kolikoissa voidaan havaita olevan kuvattuna mm. el\u00e4inmaailman ja t\u00e4htitaivaan hahmoja.<\/p>\t\t\t\t\t\t\t\t<\/div>\n\t\t\t\t<\/div>\n\t\t\t\t\t<\/div>\n\t\t<\/div>\n\t\t\t\t\t<\/div>\n\t\t<\/section>\n\t\t\t\t<\/div>\n\t\t","protected":false},"excerpt":{"rendered":"<p>Intian kolikoita eri aikakausilta Intian kolikoiden historiaa: Kotiloita k\u00e4ytettiin vaihdannan v\u00e4linein\u00e4 ennen varsinaisen rahan k\u00e4ytt\u00f6\u00f6nottoa. Noin vuonna 600 eKr aloitettiin kolikoiden valmistus, tosin viitteit\u00e4 on siit\u00e4kin, ett\u00e4 rahan ly\u00f6nti olisi aloitettu viel\u00e4kin aikaisemmin. Ensimm\u00e4iset Intian kolikot olivat todenn\u00e4k\u00f6isesti leimattuja hopeisia Karshapana-kolikoita, mutta my\u00f6s leimattuja metallitankoja oli k\u00e4yt\u00f6ss\u00e4. Hopean lis\u00e4ksi k\u00e4yt\u00f6ss\u00e4 oli my\u00f6s kuparista valmistettuja kolikoita. [&hellip;]<\/p>\n","protected":false},"author":1,"featured_media":0,"parent":0,"menu_order":0,"comment_status":"closed","ping_status":"closed","template":"","meta":{"footnotes":""},"class_list":["post-774","page","type-page","status-publish","hentry"],"_links":{"self":[{"href":"https:\/\/osnumisma.fi\/index.php?rest_route=\/wp\/v2\/pages\/774","targetHints":{"allow":["GET"]}}],"collection":[{"href":"https:\/\/osnumisma.fi\/index.php?rest_route=\/wp\/v2\/pages"}],"about":[{"href":"https:\/\/osnumisma.fi\/index.php?rest_route=\/wp\/v2\/types\/page"}],"author":[{"embeddable":true,"href":"https:\/\/osnumisma.fi\/index.php?rest_route=\/wp\/v2\/users\/1"}],"replies":[{"embeddable":true,"href":"https:\/\/osnumisma.fi\/index.php?rest_route=%2Fwp%2Fv2%2Fcomments&post=774"}],"version-history":[{"count":16,"href":"https:\/\/osnumisma.fi\/index.php?rest_route=\/wp\/v2\/pages\/774\/revisions"}],"predecessor-version":[{"id":814,"href":"https:\/\/osnumisma.fi\/index.php?rest_route=\/wp\/v2\/pages\/774\/revisions\/814"}],"wp:attachment":[{"href":"https:\/\/osnumisma.fi\/index.php?rest_route=%2Fwp%2Fv2%2Fmedia&parent=774"}],"curies":[{"name":"wp","href":"https:\/\/api.w.org\/{rel}","templated":true}]}}